{"id":1110,"date":"2023-10-25T18:30:49","date_gmt":"2023-10-25T18:30:49","guid":{"rendered":"http:\/\/coeneo.gob.mx\/?page_id=1110"},"modified":"2023-10-25T19:24:38","modified_gmt":"2023-10-25T19:24:38","slug":"fiestas-coeneo","status":"publish","type":"page","link":"https:\/\/coeneo.gob.mx\/?page_id=1110","title":{"rendered":"Fiestas Coeneo"},"content":{"rendered":"<p><div class=\"fusion-fullwidth fullwidth-box fusion-builder-row-1 fusion-flex-container has-pattern-background has-mask-background fusion-parallax-none nonhundred-percent-fullwidth non-hundred-percent-height-scrolling lazyload\" style=\"--awb-background-repeat:repeat;--awb-border-radius-top-left:0px;--awb-border-radius-top-right:0px;--awb-border-radius-bottom-right:0px;--awb-border-radius-bottom-left:0px;--awb-background-size:cover;--awb-flex-wrap:wrap;\" data-bg=\"http:\/\/coeneo.gob.mx\/wp-content\/uploads\/2023\/10\/COENEO-BACKGROUND3.png\" ><div class=\"fusion-builder-row fusion-row fusion-flex-align-items-flex-start fusion-flex-content-wrap\" style=\"max-width:1248px;margin-left: calc(-4% \/ 2 );margin-right: calc(-4% \/ 2 );\"><div class=\"fusion-layout-column fusion_builder_column fusion-builder-column-0 fusion_builder_column_1_1 1_1 fusion-flex-column\" style=\"--awb-bg-size:cover;--awb-width-large:100%;--awb-margin-top-large:0px;--awb-spacing-right-large:1.92%;--awb-margin-bottom-large:20px;--awb-spacing-left-large:1.92%;--awb-width-medium:100%;--awb-order-medium:0;--awb-spacing-right-medium:1.92%;--awb-spacing-left-medium:1.92%;--awb-width-small:100%;--awb-order-small:0;--awb-spacing-right-small:1.92%;--awb-spacing-left-small:1.92%;\"><div class=\"fusion-column-wrapper fusion-column-has-shadow fusion-flex-justify-content-flex-start fusion-content-layout-column\"><div class=\"fusion-title title fusion-title-1 fusion-no-small-visibility fusion-sep-none fusion-title-center fusion-title-rotating fusion-animate-once fusion-title-bounceIn fusion-title-size-one\" style=\"--awb-text-color:#4a001f;--awb-margin-top-small:10px;--awb-margin-right-small:0px;--awb-margin-bottom-small:10px;--awb-margin-left-small:0px;\"><h1 class=\"fusion-title-heading title-heading-center\" style=\"margin:0;\"><span class=\"fusion-animated-text-prefix\"><\/span> <span class=\"fusion-animated-texts-wrapper\" style=\"color:#4a001f;text-align: center;\" data-length=\"line\" data-minDisplayTime=\"1200\"><span class=\"fusion-animated-texts\"><span data-in-effect=\"bounceIn\" class=\"fusion-animated-text\" data-in-sequence=\"true\" data-out-reverse=\"true\" data-out-effect=\"bounceOut\">Bienvenido a Coeneo<\/span><\/span><\/span> <span class=\"fusion-animated-text-postfix\"><\/span><\/h1><\/div><div class=\"fusion-title title fusion-title-2 fusion-no-medium-visibility fusion-no-large-visibility fusion-sep-none fusion-title-center fusion-title-rotating fusion-animate-once fusion-title-bounceIn fusion-title-size-five\" style=\"--awb-text-color:#4a001f;--awb-margin-top-small:10px;--awb-margin-right-small:0px;--awb-margin-bottom-small:10px;--awb-margin-left-small:0px;\"><h5 class=\"fusion-title-heading title-heading-center\" style=\"margin:0;\"><span class=\"fusion-animated-text-prefix\"><\/span> <span class=\"fusion-animated-texts-wrapper\" style=\"color:#4a001f;text-align: center;\" data-length=\"line\" data-minDisplayTime=\"1200\"><span class=\"fusion-animated-texts\"><span data-in-effect=\"bounceIn\" class=\"fusion-animated-text\" data-in-sequence=\"true\" data-out-reverse=\"true\" data-out-effect=\"bounceOut\">Bienvenido a Coeneo<\/span><\/span><\/span> <span class=\"fusion-animated-text-postfix\"><\/span><\/h5><\/div><div class=\"fusion-text fusion-text-1\"><p><strong>\u00a1Celebremos juntos una gran Fiesta de Jaripeos y Bailes en el hermoso municipio de Coeneo, Michoac\u00e1n!<\/strong><\/p>\n<p>Est\u00e1s cordialmente invitado a un emocionante d\u00eda lleno de diversi\u00f3n, m\u00fasica y tradici\u00f3n. \u00a1No querr\u00e1s perd\u00e9rtelo!<\/p>\n<p>Ven con tu familia y amigos para disfrutar de esta fiesta llena de entretenimiento completamente Gratuita. Tendremos jinetes valientes desafiando a toros en el jaripeo, deliciosa comida tradicional, m\u00fasica en vivo y baile hasta altas horas de la noche.<\/p>\n<p>\u00a1No olvides traer tu mejor atuendo vaquero!<\/p>\n<p>Esperamos contar con tu presencia en esta festiva celebraci\u00f3n que destaca la cultura y la diversi\u00f3n de nuestro querido Coeneo. \u00a1La pasaremos genial!<\/p>\n<p>\u00a1Coeneo Te esperamo con los brazos abiertos!<\/p>\n<p>Atentamente, H Ayuntamiento de Coeneo<\/p>\n<\/div><\/div><\/div><\/div><\/div><div class=\"fusion-fullwidth fullwidth-box fusion-builder-row-2 fusion-flex-container has-pattern-background has-mask-background nonhundred-percent-fullwidth non-hundred-percent-height-scrolling\" style=\"--awb-border-radius-top-left:0px;--awb-border-radius-top-right:0px;--awb-border-radius-bottom-right:0px;--awb-border-radius-bottom-left:0px;--awb-flex-wrap:wrap;\" ><div class=\"fusion-builder-row fusion-row fusion-flex-align-items-flex-start fusion-flex-content-wrap\" style=\"max-width:1248px;margin-left: calc(-4% \/ 2 );margin-right: calc(-4% \/ 2 );\"><div class=\"fusion-layout-column fusion_builder_column fusion-builder-column-1 fusion_builder_column_1_1 1_1 fusion-flex-column\" style=\"--awb-bg-size:cover;--awb-width-large:100%;--awb-margin-top-large:0px;--awb-spacing-right-large:1.92%;--awb-margin-bottom-large:20px;--awb-spacing-left-large:1.92%;--awb-width-medium:100%;--awb-order-medium:0;--awb-spacing-right-medium:1.92%;--awb-spacing-left-medium:1.92%;--awb-width-small:100%;--awb-order-small:0;--awb-spacing-right-small:1.92%;--awb-spacing-left-small:1.92%;\"><div class=\"fusion-column-wrapper fusion-column-has-shadow fusion-flex-justify-content-flex-start fusion-content-layout-column\"><div class=\"fusion-slider-sc\"><div class=\"fusion-flexslider-loading flexslider fusion-aligncenter flexslider-hover-type-none\" data-slideshow_autoplay=\"1\" data-slideshow_smooth_height=\"0\" data-slideshow_speed=\"7000\" style=\"max-width:100%;height:100%;\"><ul class=\"slides\"><li class=\"image\"><span class=\"lazyload fusion-image-hover-element hover-type-none\"><img decoding=\"async\" src=\"data:image\/gif;base64,R0lGODlhAQABAAAAACH5BAEKAAEALAAAAAABAAEAAAICTAEAOw==\" data-orig-src=\"http:\/\/coeneo.gob.mx\/wp-content\/uploads\/2023\/10\/WhatsApp-Image-2023-10-23-at-11.25.48-PM-203x300.jpeg\" class=\"lazyload wp-image-1109\" \/><\/span><\/li><li class=\"image\"><span class=\"lazyload fusion-image-hover-element hover-type-none\"><img decoding=\"async\" src=\"data:image\/gif;base64,R0lGODlhAQABAAAAACH5BAEKAAEALAAAAAABAAEAAAICTAEAOw==\" data-orig-src=\"http:\/\/coeneo.gob.mx\/wp-content\/uploads\/2023\/10\/WhatsApp-Image-2023-10-23-at-11.25.47-PM-1-203x300.jpeg\" class=\"lazyload wp-image-1106\" \/><\/span><\/li><li class=\"image\"><span class=\"lazyload fusion-image-hover-element hover-type-none\"><img decoding=\"async\" src=\"data:image\/gif;base64,R0lGODlhAQABAAAAACH5BAEKAAEALAAAAAABAAEAAAICTAEAOw==\" data-orig-src=\"http:\/\/coeneo.gob.mx\/wp-content\/uploads\/2023\/10\/WhatsApp-Image-2023-10-23-at-11.25.46-PM-203x300.jpeg\" class=\"lazyload wp-image-1105\" \/><\/span><\/li><li class=\"image\"><span class=\"lazyload fusion-image-hover-element hover-type-none\"><img decoding=\"async\" src=\"data:image\/gif;base64,R0lGODlhAQABAAAAACH5BAEKAAEALAAAAAABAAEAAAICTAEAOw==\" data-orig-src=\"http:\/\/coeneo.gob.mx\/wp-content\/uploads\/2023\/10\/WhatsApp-Image-2023-10-23-at-11.25.47-PM-203x300.jpeg\" class=\"lazyload wp-image-1107\" \/><\/span><\/li><li class=\"image\"><span class=\"lazyload fusion-image-hover-element hover-type-none\"><img decoding=\"async\" src=\"data:image\/gif;base64,R0lGODlhAQABAAAAACH5BAEKAAEALAAAAAABAAEAAAICTAEAOw==\" data-orig-src=\"http:\/\/coeneo.gob.mx\/wp-content\/uploads\/2023\/10\/WhatsApp-Image-2023-10-23-at-11.25.48-PM-1-200x300.jpeg\" class=\"lazyload wp-image-1108\" \/><\/span><\/li><li class=\"image\"><span class=\"lazyload fusion-image-hover-element hover-type-none\"><img decoding=\"async\" src=\"data:image\/gif;base64,R0lGODlhAQABAAAAACH5BAEKAAEALAAAAAABAAEAAAICTAEAOw==\" data-orig-src=\"http:\/\/coeneo.gob.mx\/wp-content\/uploads\/2023\/10\/WhatsApp-Image-2023-10-23-at-11.25.43-PM-203x300.jpeg\" class=\"lazyload wp-image-1104\" \/><\/span><\/li><\/ul><\/div><\/div><\/div><\/div><\/div><\/div><div class=\"fusion-fullwidth fullwidth-box fusion-builder-row-3 fusion-flex-container has-pattern-background has-mask-background nonhundred-percent-fullwidth non-hundred-percent-height-scrolling\" style=\"--awb-border-radius-top-left:0px;--awb-border-radius-top-right:0px;--awb-border-radius-bottom-right:0px;--awb-border-radius-bottom-left:0px;--awb-flex-wrap:wrap;\" ><div class=\"fusion-builder-row fusion-row fusion-flex-align-items-flex-start fusion-flex-content-wrap\" style=\"max-width:1248px;margin-left: calc(-4% \/ 2 );margin-right: calc(-4% \/ 2 );\"><div class=\"fusion-layout-column fusion_builder_column fusion-builder-column-2 fusion_builder_column_1_1 1_1 fusion-flex-column\" style=\"--awb-bg-size:cover;--awb-width-large:100%;--awb-margin-top-large:0px;--awb-spacing-right-large:1.92%;--awb-margin-bottom-large:20px;--awb-spacing-left-large:1.92%;--awb-width-medium:100%;--awb-order-medium:0;--awb-spacing-right-medium:1.92%;--awb-spacing-left-medium:1.92%;--awb-width-small:100%;--awb-order-small:0;--awb-spacing-right-small:1.92%;--awb-spacing-left-small:1.92%;\"><div class=\"fusion-column-wrapper fusion-column-has-shadow fusion-flex-justify-content-flex-start fusion-content-layout-column\"><div class=\"fusion-title title fusion-title-3 fusion-no-small-visibility fusion-sep-none fusion-title-center fusion-title-rotating fusion-animate-once fusion-title-bounceIn fusion-title-size-one\" style=\"--awb-text-color:#4a001f;--awb-margin-top-small:10px;--awb-margin-right-small:0px;--awb-margin-bottom-small:10px;--awb-margin-left-small:0px;\"><h1 class=\"fusion-title-heading title-heading-center\" style=\"margin:0;\"><span class=\"fusion-animated-text-prefix\">PARA EL CIERRE<\/span>  <span class=\"fusion-animated-text-postfix\"><\/span><\/h1><\/div><div class=\"fusion-title title fusion-title-4 fusion-no-medium-visibility fusion-no-large-visibility fusion-sep-none fusion-title-center fusion-title-rotating fusion-animate-once fusion-title-bounceIn fusion-title-size-five\" style=\"--awb-text-color:#4a001f;--awb-margin-top-small:10px;--awb-margin-right-small:0px;--awb-margin-bottom-small:10px;--awb-margin-left-small:0px;\"><h5 class=\"fusion-title-heading title-heading-center\" style=\"margin:0;\"><span class=\"fusion-animated-text-prefix\">PARA EL CIERRE<\/span>  <span class=\"fusion-animated-text-postfix\"><\/span><\/h5><\/div><div class=\"fusion-separator fusion-full-width-sep\" style=\"align-self: center;margin-left: auto;margin-right: auto;margin-top:20px;width:100%;\"><\/div><div class=\"fusion-image-element \" style=\"text-align:center;--awb-caption-title-font-family:var(--h2_typography-font-family);--awb-caption-title-font-weight:var(--h2_typography-font-weight);--awb-caption-title-font-style:var(--h2_typography-font-style);--awb-caption-title-size:var(--h2_typography-font-size);--awb-caption-title-transform:var(--h2_typography-text-transform);--awb-caption-title-line-height:var(--h2_typography-line-height);--awb-caption-title-letter-spacing:var(--h2_typography-letter-spacing);\"><span class=\" fusion-imageframe imageframe-none imageframe-1 hover-type-none\"><img decoding=\"async\" src=\"data:image\/gif;base64,R0lGODlhAQABAAAAACH5BAEKAAEALAAAAAABAAEAAAICTAEAOw==\" data-orig-src=\"http:\/\/coeneo.gob.mx\/wp-content\/uploads\/2023\/10\/WhatsApp-Image-2023-10-23-at-11.25.43-PM-1.jpeg\" alt class=\"lazyload img-responsive\"\/><\/span><\/div><\/div><\/div><\/div><\/div><div class=\"fusion-fullwidth fullwidth-box fusion-builder-row-4 fusion-flex-container has-pattern-background has-mask-background nonhundred-percent-fullwidth non-hundred-percent-height-scrolling\" style=\"--awb-border-radius-top-left:0px;--awb-border-radius-top-right:0px;--awb-border-radius-bottom-right:0px;--awb-border-radius-bottom-left:0px;--awb-flex-wrap:wrap;\" ><div class=\"fusion-builder-row fusion-row fusion-flex-align-items-flex-start fusion-flex-content-wrap\" style=\"max-width:1248px;margin-left: calc(-4% \/ 2 );margin-right: calc(-4% \/ 2 );\"><div class=\"fusion-layout-column fusion_builder_column fusion-builder-column-3 fusion_builder_column_1_1 1_1 fusion-flex-column\" style=\"--awb-bg-size:cover;--awb-width-large:100%;--awb-margin-top-large:0px;--awb-spacing-right-large:1.92%;--awb-margin-bottom-large:20px;--awb-spacing-left-large:1.92%;--awb-width-medium:100%;--awb-order-medium:0;--awb-spacing-right-medium:1.92%;--awb-spacing-left-medium:1.92%;--awb-width-small:100%;--awb-order-small:0;--awb-spacing-right-small:1.92%;--awb-spacing-left-small:1.92%;\"><div class=\"fusion-column-wrapper fusion-column-has-shadow fusion-flex-justify-content-flex-start fusion-content-layout-column\"><div class=\"fusion-title title fusion-title-5 fusion-no-small-visibility fusion-sep-none fusion-title-center fusion-title-rotating fusion-animate-once fusion-title-bounceIn fusion-title-size-one\" style=\"--awb-text-color:#4a001f;--awb-margin-top-small:10px;--awb-margin-right-small:0px;--awb-margin-bottom-small:10px;--awb-margin-left-small:0px;\"><h1 class=\"fusion-title-heading title-heading-center\" style=\"margin:0;\"><span class=\"fusion-animated-text-prefix\"><\/span> <span class=\"fusion-animated-texts-wrapper\" style=\"color:#4a001f;text-align: center;\" data-length=\"line\" data-minDisplayTime=\"1200\"><span class=\"fusion-animated-texts\"><span data-in-effect=\"bounceIn\" class=\"fusion-animated-text\" data-in-sequence=\"true\" data-out-reverse=\"true\" data-out-effect=\"bounceOut\">LO MEJOR DE LA FIESTA<\/span><\/span><\/span> <span class=\"fusion-animated-text-postfix\"><\/span><\/h1><\/div><div class=\"fusion-title title fusion-title-6 fusion-no-medium-visibility fusion-no-large-visibility fusion-sep-none fusion-title-center fusion-title-rotating fusion-animate-once fusion-title-bounceIn fusion-title-size-five\" style=\"--awb-margin-top-small:10px;--awb-margin-right-small:0px;--awb-margin-bottom-small:10px;--awb-margin-left-small:0px;\"><h5 class=\"fusion-title-heading title-heading-center\" style=\"margin:0;\"><span class=\"fusion-animated-text-prefix\"><\/span> <span class=\"fusion-animated-texts-wrapper\" style=\"text-align: center;\" data-length=\"line\" data-minDisplayTime=\"1200\"><span class=\"fusion-animated-texts\"><span data-in-effect=\"bounceIn\" class=\"fusion-animated-text\" data-in-sequence=\"true\" data-out-reverse=\"true\" data-out-effect=\"bounceOut\">LO MEJOR DE LA FIESTA<\/span><\/span><\/span> <span class=\"fusion-animated-text-postfix\"><\/span><\/h5><\/div><\/div><\/div><div class=\"fusion-layout-column fusion_builder_column fusion-builder-column-4 fusion_builder_column_1_3 1_3 fusion-flex-column\" style=\"--awb-bg-size:cover;--awb-width-large:33.333333333333%;--awb-margin-top-large:0px;--awb-spacing-right-large:5.76%;--awb-margin-bottom-large:20px;--awb-spacing-left-large:5.76%;--awb-width-medium:33.333333333333%;--awb-order-medium:0;--awb-spacing-right-medium:5.76%;--awb-spacing-left-medium:5.76%;--awb-width-small:100%;--awb-order-small:0;--awb-spacing-right-small:1.92%;--awb-spacing-left-small:1.92%;\"><div class=\"fusion-column-wrapper fusion-column-has-shadow fusion-flex-justify-content-flex-start fusion-content-layout-column\"><div class=\"fusion-image-element \" style=\"text-align:center;--awb-aspect-ratio:1 \/ 1;--awb-object-position:42% 46%;--awb-mask-url: url(https:\/\/coeneo.gob.mx\/wp-content\/plugins\/fusion-builder\/\/assets\/images\/masks\/mask-18.svg);--awb-caption-title-font-family:var(--h2_typography-font-family);--awb-caption-title-font-weight:var(--h2_typography-font-weight);--awb-caption-title-font-style:var(--h2_typography-font-style);--awb-caption-title-size:var(--h2_typography-font-size);--awb-caption-title-transform:var(--h2_typography-text-transform);--awb-caption-title-line-height:var(--h2_typography-line-height);--awb-caption-title-letter-spacing:var(--h2_typography-letter-spacing);\"><span class=\" fusion-imageframe imageframe-none imageframe-2 hover-type-none has-mask has-aspect-ratio\"><img decoding=\"async\" width=\"1600\" height=\"1066\" title=\"WhatsApp Image 2023-10-23 at 11.29.36 AM\" src=\"https:\/\/coeneo.gob.mx\/wp-content\/uploads\/2023\/10\/WhatsApp-Image-2023-10-23-at-11.29.36-AM.jpeg\" data-orig-src=\"http:\/\/coeneo.gob.mx\/wp-content\/uploads\/2023\/10\/WhatsApp-Image-2023-10-23-at-11.29.36-AM.jpeg\" class=\"lazyload img-responsive wp-image-1126 img-with-aspect-ratio\" data-parent-fit=\"cover\" data-parent-container=\".fusion-image-element\" alt srcset=\"data:image\/svg+xml,%3Csvg%20xmlns%3D%27http%3A%2F%2Fwww.w3.org%2F2000%2Fsvg%27%20width%3D%271600%27%20height%3D%271066%27%20viewBox%3D%270%200%201600%201066%27%3E%3Crect%20width%3D%271600%27%20height%3D%271066%27%20fill-opacity%3D%220%22%2F%3E%3C%2Fsvg%3E\" data-srcset=\"https:\/\/coeneo.gob.mx\/wp-content\/uploads\/2023\/10\/WhatsApp-Image-2023-10-23-at-11.29.36-AM-200x133.jpeg 200w, https:\/\/coeneo.gob.mx\/wp-content\/uploads\/2023\/10\/WhatsApp-Image-2023-10-23-at-11.29.36-AM-400x267.jpeg 400w, https:\/\/coeneo.gob.mx\/wp-content\/uploads\/2023\/10\/WhatsApp-Image-2023-10-23-at-11.29.36-AM-600x400.jpeg 600w, https:\/\/coeneo.gob.mx\/wp-content\/uploads\/2023\/10\/WhatsApp-Image-2023-10-23-at-11.29.36-AM-800x533.jpeg 800w, https:\/\/coeneo.gob.mx\/wp-content\/uploads\/2023\/10\/WhatsApp-Image-2023-10-23-at-11.29.36-AM-1200x800.jpeg 1200w, https:\/\/coeneo.gob.mx\/wp-content\/uploads\/2023\/10\/WhatsApp-Image-2023-10-23-at-11.29.36-AM.jpeg 1600w\" data-sizes=\"auto\" data-orig-sizes=\"(max-width: 640px) 100vw, 400px\" \/><\/span><\/div><\/div><\/div><div class=\"fusion-layout-column fusion_builder_column fusion-builder-column-5 fusion_builder_column_1_3 1_3 fusion-flex-column\" style=\"--awb-bg-size:cover;--awb-width-large:33.333333333333%;--awb-margin-top-large:0px;--awb-spacing-right-large:5.76%;--awb-margin-bottom-large:20px;--awb-spacing-left-large:5.76%;--awb-width-medium:33.333333333333%;--awb-order-medium:0;--awb-spacing-right-medium:5.76%;--awb-spacing-left-medium:5.76%;--awb-width-small:100%;--awb-order-small:0;--awb-spacing-right-small:1.92%;--awb-spacing-left-small:1.92%;\"><div class=\"fusion-column-wrapper fusion-column-has-shadow fusion-flex-justify-content-flex-start fusion-content-layout-column\"><div class=\"fusion-image-element \" style=\"text-align:center;--awb-aspect-ratio:1 \/ 1;--awb-object-position:43% 41%;--awb-mask-url: url(https:\/\/coeneo.gob.mx\/wp-content\/plugins\/fusion-builder\/\/assets\/images\/masks\/mask-18.svg);--awb-caption-title-font-family:var(--h2_typography-font-family);--awb-caption-title-font-weight:var(--h2_typography-font-weight);--awb-caption-title-font-style:var(--h2_typography-font-style);--awb-caption-title-size:var(--h2_typography-font-size);--awb-caption-title-transform:var(--h2_typography-text-transform);--awb-caption-title-line-height:var(--h2_typography-line-height);--awb-caption-title-letter-spacing:var(--h2_typography-letter-spacing);\"><span class=\" fusion-imageframe imageframe-none imageframe-3 hover-type-none has-mask has-aspect-ratio\"><img decoding=\"async\" width=\"1600\" height=\"1066\" title=\"WhatsApp Image 2023-10-23 at 11.29.37 AM\" src=\"https:\/\/coeneo.gob.mx\/wp-content\/uploads\/2023\/10\/WhatsApp-Image-2023-10-23-at-11.29.37-AM.jpeg\" data-orig-src=\"http:\/\/coeneo.gob.mx\/wp-content\/uploads\/2023\/10\/WhatsApp-Image-2023-10-23-at-11.29.37-AM.jpeg\" class=\"lazyload img-responsive wp-image-1127 img-with-aspect-ratio\" data-parent-fit=\"cover\" data-parent-container=\".fusion-image-element\" alt srcset=\"data:image\/svg+xml,%3Csvg%20xmlns%3D%27http%3A%2F%2Fwww.w3.org%2F2000%2Fsvg%27%20width%3D%271600%27%20height%3D%271066%27%20viewBox%3D%270%200%201600%201066%27%3E%3Crect%20width%3D%271600%27%20height%3D%271066%27%20fill-opacity%3D%220%22%2F%3E%3C%2Fsvg%3E\" data-srcset=\"https:\/\/coeneo.gob.mx\/wp-content\/uploads\/2023\/10\/WhatsApp-Image-2023-10-23-at-11.29.37-AM-200x133.jpeg 200w, https:\/\/coeneo.gob.mx\/wp-content\/uploads\/2023\/10\/WhatsApp-Image-2023-10-23-at-11.29.37-AM-400x267.jpeg 400w, https:\/\/coeneo.gob.mx\/wp-content\/uploads\/2023\/10\/WhatsApp-Image-2023-10-23-at-11.29.37-AM-600x400.jpeg 600w, https:\/\/coeneo.gob.mx\/wp-content\/uploads\/2023\/10\/WhatsApp-Image-2023-10-23-at-11.29.37-AM-800x533.jpeg 800w, https:\/\/coeneo.gob.mx\/wp-content\/uploads\/2023\/10\/WhatsApp-Image-2023-10-23-at-11.29.37-AM-1200x800.jpeg 1200w, https:\/\/coeneo.gob.mx\/wp-content\/uploads\/2023\/10\/WhatsApp-Image-2023-10-23-at-11.29.37-AM.jpeg 1600w\" data-sizes=\"auto\" data-orig-sizes=\"(max-width: 640px) 100vw, 400px\" \/><\/span><\/div><\/div><\/div><div class=\"fusion-layout-column fusion_builder_column fusion-builder-column-6 fusion_builder_column_1_3 1_3 fusion-flex-column\" style=\"--awb-bg-size:cover;--awb-width-large:33.333333333333%;--awb-margin-top-large:0px;--awb-spacing-right-large:5.76%;--awb-margin-bottom-large:20px;--awb-spacing-left-large:5.76%;--awb-width-medium:33.333333333333%;--awb-order-medium:0;--awb-spacing-right-medium:5.76%;--awb-spacing-left-medium:5.76%;--awb-width-small:100%;--awb-order-small:0;--awb-spacing-right-small:1.92%;--awb-spacing-left-small:1.92%;\"><div class=\"fusion-column-wrapper fusion-column-has-shadow fusion-flex-justify-content-flex-start fusion-content-layout-column\"><div class=\"fusion-image-element \" style=\"text-align:center;--awb-aspect-ratio:1 \/ 1;--awb-object-position:41% 40%;--awb-mask-url: url(https:\/\/coeneo.gob.mx\/wp-content\/plugins\/fusion-builder\/\/assets\/images\/masks\/mask-18.svg);--awb-caption-title-font-family:var(--h2_typography-font-family);--awb-caption-title-font-weight:var(--h2_typography-font-weight);--awb-caption-title-font-style:var(--h2_typography-font-style);--awb-caption-title-size:var(--h2_typography-font-size);--awb-caption-title-transform:var(--h2_typography-text-transform);--awb-caption-title-line-height:var(--h2_typography-line-height);--awb-caption-title-letter-spacing:var(--h2_typography-letter-spacing);\"><span class=\" fusion-imageframe imageframe-none imageframe-4 hover-type-none has-mask has-aspect-ratio\"><img decoding=\"async\" width=\"1600\" height=\"1066\" title=\"WhatsApp Image 2023-10-23 at 11.29.36 AM (1)\" src=\"https:\/\/coeneo.gob.mx\/wp-content\/uploads\/2023\/10\/WhatsApp-Image-2023-10-23-at-11.29.36-AM-1.jpeg\" data-orig-src=\"http:\/\/coeneo.gob.mx\/wp-content\/uploads\/2023\/10\/WhatsApp-Image-2023-10-23-at-11.29.36-AM-1.jpeg\" class=\"lazyload img-responsive wp-image-1125 img-with-aspect-ratio\" data-parent-fit=\"cover\" data-parent-container=\".fusion-image-element\" alt srcset=\"data:image\/svg+xml,%3Csvg%20xmlns%3D%27http%3A%2F%2Fwww.w3.org%2F2000%2Fsvg%27%20width%3D%271600%27%20height%3D%271066%27%20viewBox%3D%270%200%201600%201066%27%3E%3Crect%20width%3D%271600%27%20height%3D%271066%27%20fill-opacity%3D%220%22%2F%3E%3C%2Fsvg%3E\" data-srcset=\"https:\/\/coeneo.gob.mx\/wp-content\/uploads\/2023\/10\/WhatsApp-Image-2023-10-23-at-11.29.36-AM-1-200x133.jpeg 200w, https:\/\/coeneo.gob.mx\/wp-content\/uploads\/2023\/10\/WhatsApp-Image-2023-10-23-at-11.29.36-AM-1-400x267.jpeg 400w, https:\/\/coeneo.gob.mx\/wp-content\/uploads\/2023\/10\/WhatsApp-Image-2023-10-23-at-11.29.36-AM-1-600x400.jpeg 600w, https:\/\/coeneo.gob.mx\/wp-content\/uploads\/2023\/10\/WhatsApp-Image-2023-10-23-at-11.29.36-AM-1-800x533.jpeg 800w, https:\/\/coeneo.gob.mx\/wp-content\/uploads\/2023\/10\/WhatsApp-Image-2023-10-23-at-11.29.36-AM-1-1200x800.jpeg 1200w, https:\/\/coeneo.gob.mx\/wp-content\/uploads\/2023\/10\/WhatsApp-Image-2023-10-23-at-11.29.36-AM-1.jpeg 1600w\" data-sizes=\"auto\" data-orig-sizes=\"(max-width: 640px) 100vw, 400px\" \/><\/span><\/div><\/div><\/div><\/div><\/div><\/p>\n","protected":false},"excerpt":{"rendered":"","protected":false},"author":1,"featured_media":0,"parent":0,"menu_order":0,"comment_status":"closed","ping_status":"closed","template":"100-width.php","meta":{"footnotes":""},"class_list":["post-1110","page","type-page","status-publish","hentry"],"_links":{"self":[{"href":"https:\/\/coeneo.gob.mx\/index.php?rest_route=\/wp\/v2\/pages\/1110","targetHints":{"allow":["GET"]}}],"collection":[{"href":"https:\/\/coeneo.gob.mx\/index.php?rest_route=\/wp\/v2\/pages"}],"about":[{"href":"https:\/\/coeneo.gob.mx\/index.php?rest_route=\/wp\/v2\/types\/page"}],"author":[{"embeddable":true,"href":"https:\/\/coeneo.gob.mx\/index.php?rest_route=\/wp\/v2\/users\/1"}],"replies":[{"embeddable":true,"href":"https:\/\/coeneo.gob.mx\/index.php?rest_route=%2Fwp%2Fv2%2Fcomments&post=1110"}],"version-history":[{"count":18,"href":"https:\/\/coeneo.gob.mx\/index.php?rest_route=\/wp\/v2\/pages\/1110\/revisions"}],"predecessor-version":[{"id":1137,"href":"https:\/\/coeneo.gob.mx\/index.php?rest_route=\/wp\/v2\/pages\/1110\/revisions\/1137"}],"wp:attachment":[{"href":"https:\/\/coeneo.gob.mx\/index.php?rest_route=%2Fwp%2Fv2%2Fmedia&parent=1110"}],"curies":[{"name":"wp","href":"https:\/\/api.w.org\/{rel}","templated":true}]}}